{"id":80,"date":"2015-08-29T14:32:03","date_gmt":"2015-08-29T14:32:03","guid":{"rendered":"http:\/\/el.neuberg.pl\/?page_id=80"},"modified":"2015-10-07T20:45:23","modified_gmt":"2015-10-07T20:45:23","slug":"o-nas","status":"publish","type":"page","link":"https:\/\/www.neuberg.pl\/index.php\/o-nas\/","title":{"rendered":"O nas"},"content":{"rendered":"<p class=\"wp-caption-dd\"><img loading=\"lazy\" class=\" wp-image-149 alignright\" src=\"http:\/\/www.neuberg.pl\/wp-content\/uploads\/2015\/09\/foto_11-300x225.jpg\" alt=\"foto_11\" width=\"400\" height=\"300\" srcset=\"https:\/\/www.neuberg.pl\/wp-content\/uploads\/2015\/09\/foto_11-300x225.jpg 300w, https:\/\/www.neuberg.pl\/wp-content\/uploads\/2015\/09\/foto_11-200x150.jpg 200w, https:\/\/www.neuberg.pl\/wp-content\/uploads\/2015\/09\/foto_11-150x112.jpg 150w, https:\/\/www.neuberg.pl\/wp-content\/uploads\/2015\/09\/foto_11.jpg 650w\" sizes=\"(max-width: 400px) 100vw, 400px\" \/><\/p>\n<p>Wykonawstwo, projekty i nadzory w szeroko poj\u0119tej energetyce i elektroenergetyce<br \/>\n&#8222;<em>to nasza domena<\/em>&#8221;<\/p>\n<p>Ide\u0105 Zak\u0142adu Us\u0142ugowego Energetyki jest energetyka postrzegana we wszystkich jej no\u015bnikach,<br \/>\npowi\u0105zanych z sob\u0105, wzajemnie si\u0119 uzupe\u0142niaj\u0105cych i wsp\u00f3\u0142pracuj\u0105cych dzi\u0119ki automatyce.<br \/>\nZak\u0142ad powsta\u0142 w 1992 roku i pocz\u0105tkowo zajmowa\u0142 si\u0119 projektowaniem i wykonawstwem<br \/>\nautomatyki przemys\u0142owej.<br \/>\nStopniowo rozszerzyli\u015bmy dzia\u0142alno\u015b\u0107 o specjalistyczne projekty instalacji elektrycznych<br \/>\ni ciep\u0142owniczych.<br \/>\nZak\u0142ad w odpowiedzi na zapotrzebowanie rynku od 2000 roku projektuje kompleksowo<br \/>\ninfrastruktur\u0119 techniczn\u0105 budynk\u00f3w zwi\u0105zan\u0105 z zasilaniem elektrycznym i cieplnym,<br \/>\no\u015bwietleniem wewn\u0119trznym i zewn\u0119trznym, systemami bezpiecze\u0144stwa, automatyk\u0105<br \/>\nbudynkow\u0105 i przemys\u0142ow\u0105. Wdra\u017camy systemy fotowoltaiczne.<\/p>\n","protected":false},"excerpt":{"rendered":"<p>Wykonawstwo, projekty i nadzory w szeroko poj\u0119tej energetyce i elektroenergetyce &#8222;to nasza domena&#8221; Ide\u0105 Zak\u0142adu Us\u0142ugowego Energetyki jest energetyka postrzegana we wszystkich jej no\u015bnikach, powi\u0105zanych z sob\u0105, wzajemnie si\u0119 uzupe\u0142niaj\u0105cych i wsp\u00f3\u0142pracuj\u0105cych dzi\u0119ki automatyce. Zak\u0142ad powsta\u0142 w 1992 roku i pocz\u0105tkowo zajmowa\u0142 si\u0119 projektowaniem i wykonawstwem automatyki przemys\u0142owej. Stopniowo rozszerzyli\u015bmy\u2026<\/p>\n<p> <a class=\"continue-reading-link\" href=\"https:\/\/www.neuberg.pl\/index.php\/o-nas\/\"><span>Continue reading<\/span><i class=\"crycon-right-dir\"><\/i><\/a> <\/p>\n","protected":false},"author":3,"featured_media":0,"parent":0,"menu_order":0,"comment_status":"closed","ping_status":"closed","template":"","meta":[],"_links":{"self":[{"href":"https:\/\/www.neuberg.pl\/index.php\/wp-json\/wp\/v2\/pages\/80"}],"collection":[{"href":"https:\/\/www.neuberg.pl\/index.php\/wp-json\/wp\/v2\/pages"}],"about":[{"href":"https:\/\/www.neuberg.pl\/index.php\/wp-json\/wp\/v2\/types\/page"}],"author":[{"embeddable":true,"href":"https:\/\/www.neuberg.pl\/index.php\/wp-json\/wp\/v2\/users\/3"}],"replies":[{"embeddable":true,"href":"https:\/\/www.neuberg.pl\/index.php\/wp-json\/wp\/v2\/comments?post=80"}],"version-history":[{"count":16,"href":"https:\/\/www.neuberg.pl\/index.php\/wp-json\/wp\/v2\/pages\/80\/revisions"}],"predecessor-version":[{"id":268,"href":"https:\/\/www.neuberg.pl\/index.php\/wp-json\/wp\/v2\/pages\/80\/revisions\/268"}],"wp:attachment":[{"href":"https:\/\/www.neuberg.pl\/index.php\/wp-json\/wp\/v2\/media?parent=80"}],"curies":[{"name":"wp","href":"https:\/\/api.w.org\/{rel}","templated":true}]}}