{"id":78,"date":"2015-08-29T14:31:44","date_gmt":"2015-08-29T14:31:44","guid":{"rendered":"http:\/\/el.neuberg.pl\/?page_id=78"},"modified":"2015-10-09T07:14:46","modified_gmt":"2015-10-09T07:14:46","slug":"kosztorysowanie","status":"publish","type":"page","link":"https:\/\/www.neuberg.pl\/index.php\/kosztorysowanie\/","title":{"rendered":"Kosztorysowanie"},"content":{"rendered":"<p><img loading=\"lazy\" class=\"wp-image-153 alignleft\" src=\"http:\/\/www.neuberg.pl\/wp-content\/uploads\/2015\/09\/foto_14-300x200.jpg\" alt=\"foto_14\" width=\"399\" height=\"266\" srcset=\"https:\/\/www.neuberg.pl\/wp-content\/uploads\/2015\/09\/foto_14-300x200.jpg 300w, https:\/\/www.neuberg.pl\/wp-content\/uploads\/2015\/09\/foto_14-225x150.jpg 225w, https:\/\/www.neuberg.pl\/wp-content\/uploads\/2015\/09\/foto_14-150x100.jpg 150w, https:\/\/www.neuberg.pl\/wp-content\/uploads\/2015\/09\/foto_14.jpg 650w\" sizes=\"(max-width: 399px) 100vw, 399px\" \/>&#8211; Przedmiary rob\u00f3t dla planowanych inwestycji oraz prac remontowych<br \/>\n&#8211; Kosztorysy inwestorskie metod\u0105 uproszczon\u0105 lub szczeg\u00f3\u0142ow\u0105<br \/>\n&#8211; Kosztorysy powykonawcze<br \/>\n&#8211; Specyfikacje techniczne wykonani i odbioru rob\u00f3t<br \/>\n&#8211; Sprawdzenie i weryfikacja kosztorys\u00f3w<br \/>\n&#8211; Kosztorysy &#8222;\u015blepe&#8221; (bez cen z podaniem nak\u0142ad\u00f3w rzeczowych RMS)<br \/>\n&#8211; Zestawienia materia\u0142\u00f3w robocizny i sprz\u0119tu dla danej inwestycji<br \/>\n&#8211; Wykonywanie harmonogram\u00f3w zakresowo-czasowych bud\u00f3w<\/p>\n","protected":false},"excerpt":{"rendered":"<p>&#8211; Przedmiary rob\u00f3t dla planowanych inwestycji oraz prac remontowych &#8211; Kosztorysy inwestorskie metod\u0105 uproszczon\u0105 lub szczeg\u00f3\u0142ow\u0105 &#8211; Kosztorysy powykonawcze &#8211; Specyfikacje techniczne wykonani i odbioru rob\u00f3t &#8211; Sprawdzenie i weryfikacja kosztorys\u00f3w &#8211; Kosztorysy &#8222;\u015blepe&#8221; (bez cen z podaniem nak\u0142ad\u00f3w rzeczowych RMS) &#8211; Zestawienia materia\u0142\u00f3w robocizny i sprz\u0119tu dla danej inwestycji\u2026<\/p>\n<p> <a class=\"continue-reading-link\" href=\"https:\/\/www.neuberg.pl\/index.php\/kosztorysowanie\/\"><span>Continue reading<\/span><i class=\"crycon-right-dir\"><\/i><\/a> <\/p>\n","protected":false},"author":3,"featured_media":0,"parent":0,"menu_order":0,"comment_status":"closed","ping_status":"closed","template":"","meta":[],"_links":{"self":[{"href":"https:\/\/www.neuberg.pl\/index.php\/wp-json\/wp\/v2\/pages\/78"}],"collection":[{"href":"https:\/\/www.neuberg.pl\/index.php\/wp-json\/wp\/v2\/pages"}],"about":[{"href":"https:\/\/www.neuberg.pl\/index.php\/wp-json\/wp\/v2\/types\/page"}],"author":[{"embeddable":true,"href":"https:\/\/www.neuberg.pl\/index.php\/wp-json\/wp\/v2\/users\/3"}],"replies":[{"embeddable":true,"href":"https:\/\/www.neuberg.pl\/index.php\/wp-json\/wp\/v2\/comments?post=78"}],"version-history":[{"count":13,"href":"https:\/\/www.neuberg.pl\/index.php\/wp-json\/wp\/v2\/pages\/78\/revisions"}],"predecessor-version":[{"id":285,"href":"https:\/\/www.neuberg.pl\/index.php\/wp-json\/wp\/v2\/pages\/78\/revisions\/285"}],"wp:attachment":[{"href":"https:\/\/www.neuberg.pl\/index.php\/wp-json\/wp\/v2\/media?parent=78"}],"curies":[{"name":"wp","href":"https:\/\/api.w.org\/{rel}","templated":true}]}}