{"id":76,"date":"2015-08-29T14:30:56","date_gmt":"2015-08-29T14:30:56","guid":{"rendered":"http:\/\/el.neuberg.pl\/?page_id=76"},"modified":"2015-10-09T07:13:36","modified_gmt":"2015-10-09T07:13:36","slug":"nadzory-inwestorskie","status":"publish","type":"page","link":"https:\/\/www.neuberg.pl\/index.php\/nadzory-inwestorskie\/","title":{"rendered":"Nadzory inwestorskie"},"content":{"rendered":"<p><img loading=\"lazy\" class=\" wp-image-150 alignleft\" src=\"http:\/\/www.neuberg.pl\/wp-content\/uploads\/2015\/09\/foto_12-300x200.jpg\" alt=\"foto_12\" width=\"401\" height=\"267\" srcset=\"https:\/\/www.neuberg.pl\/wp-content\/uploads\/2015\/09\/foto_12-300x200.jpg 300w, https:\/\/www.neuberg.pl\/wp-content\/uploads\/2015\/09\/foto_12-225x150.jpg 225w, https:\/\/www.neuberg.pl\/wp-content\/uploads\/2015\/09\/foto_12-150x100.jpg 150w, https:\/\/www.neuberg.pl\/wp-content\/uploads\/2015\/09\/foto_12.jpg 650w\" sizes=\"(max-width: 401px) 100vw, 401px\" \/>&#8211; doradztwo na etapie przed rozpocz\u0119ciem inwestycji<br \/>\n&#8211; monitorowanie zgodno\u015bci procesu inwestycyjnego z przepisami prawa budowlanego<br \/>\n&#8211; koordynowanie dzia\u0142a\u0144 zespo\u0142\u00f3w wykonawczych<br \/>\n&#8211; monitorowanie prac pod k\u0105tem wymog\u00f3w BHP<br \/>\n&#8211; analiz\u0119 projektu koncepcyjnego, budowlanego i wykonawczego<br \/>\n&#8211; pomoc w uzyskiwaniu pozwole\u0144 na budow\u0119, na u\u017cytkowanie<br \/>\n&#8211; kontrole jako\u015bci i post\u0119pu rob\u00f3t<br \/>\n&#8211; prowadzenie spotka\u0144 i sporz\u0105dzanie protoko\u0142\u00f3w<br \/>\n&#8211; raporty dotycz\u0105ce post\u0119pu procesu uzyskiwania pozwole\u0144<\/p>\n","protected":false},"excerpt":{"rendered":"<p>&#8211; doradztwo na etapie przed rozpocz\u0119ciem inwestycji &#8211; monitorowanie zgodno\u015bci procesu inwestycyjnego z przepisami prawa budowlanego &#8211; koordynowanie dzia\u0142a\u0144 zespo\u0142\u00f3w wykonawczych &#8211; monitorowanie prac pod k\u0105tem wymog\u00f3w BHP &#8211; analiz\u0119 projektu koncepcyjnego, budowlanego i wykonawczego &#8211; pomoc w uzyskiwaniu pozwole\u0144 na budow\u0119, na u\u017cytkowanie &#8211; kontrole jako\u015bci i post\u0119pu rob\u00f3t\u2026<\/p>\n<p> <a class=\"continue-reading-link\" href=\"https:\/\/www.neuberg.pl\/index.php\/nadzory-inwestorskie\/\"><span>Continue reading<\/span><i class=\"crycon-right-dir\"><\/i><\/a> <\/p>\n","protected":false},"author":3,"featured_media":0,"parent":0,"menu_order":0,"comment_status":"closed","ping_status":"closed","template":"","meta":[],"_links":{"self":[{"href":"https:\/\/www.neuberg.pl\/index.php\/wp-json\/wp\/v2\/pages\/76"}],"collection":[{"href":"https:\/\/www.neuberg.pl\/index.php\/wp-json\/wp\/v2\/pages"}],"about":[{"href":"https:\/\/www.neuberg.pl\/index.php\/wp-json\/wp\/v2\/types\/page"}],"author":[{"embeddable":true,"href":"https:\/\/www.neuberg.pl\/index.php\/wp-json\/wp\/v2\/users\/3"}],"replies":[{"embeddable":true,"href":"https:\/\/www.neuberg.pl\/index.php\/wp-json\/wp\/v2\/comments?post=76"}],"version-history":[{"count":17,"href":"https:\/\/www.neuberg.pl\/index.php\/wp-json\/wp\/v2\/pages\/76\/revisions"}],"predecessor-version":[{"id":281,"href":"https:\/\/www.neuberg.pl\/index.php\/wp-json\/wp\/v2\/pages\/76\/revisions\/281"}],"wp:attachment":[{"href":"https:\/\/www.neuberg.pl\/index.php\/wp-json\/wp\/v2\/media?parent=76"}],"curies":[{"name":"wp","href":"https:\/\/api.w.org\/{rel}","templated":true}]}}