{"id":74,"date":"2015-08-29T14:30:38","date_gmt":"2015-08-29T14:30:38","guid":{"rendered":"http:\/\/el.neuberg.pl\/?page_id=74"},"modified":"2015-10-09T07:13:55","modified_gmt":"2015-10-09T07:13:55","slug":"instalacje-bms","status":"publish","type":"page","link":"https:\/\/www.neuberg.pl\/index.php\/instalacje-bms\/","title":{"rendered":"Instalacje BMS"},"content":{"rendered":"<p><img loading=\"lazy\" class=\" wp-image-144 alignleft\" src=\"http:\/\/www.neuberg.pl\/wp-content\/uploads\/2015\/09\/foto_06-300x199.jpg\" alt=\"foto_06\" width=\"401\" height=\"266\" srcset=\"https:\/\/www.neuberg.pl\/wp-content\/uploads\/2015\/09\/foto_06-300x199.jpg 300w, https:\/\/www.neuberg.pl\/wp-content\/uploads\/2015\/09\/foto_06-226x150.jpg 226w, https:\/\/www.neuberg.pl\/wp-content\/uploads\/2015\/09\/foto_06-150x99.jpg 150w, https:\/\/www.neuberg.pl\/wp-content\/uploads\/2015\/09\/foto_06.jpg 650w\" sizes=\"(max-width: 401px) 100vw, 401px\" \/>&#8211; Instalacje steruj\u0105ce instalacj\u0105 o\u015bwietleniow\u0105,<br \/>\n&#8211; Instalacje steruj\u0105ce prac\u0105 element\u00f3w instalacji wentylacyjnych i klimatyzacyjnych<br \/>\n&#8211; Instalacji sterowania o\u015bwietleniem (system DALI)<br \/>\n&#8211; Instalacji odczyt\u00f3w medi\u00f3w<br \/>\n&#8211; Archiwizacja parametr\u00f3w budynku<br \/>\n&#8211; Optymalizacja zu\u017cycia medi\u00f3w<br \/>\n&#8211; Integracja i wizualizacja element\u00f3w budynkowych<\/p>\n","protected":false},"excerpt":{"rendered":"<p>&#8211; Instalacje steruj\u0105ce instalacj\u0105 o\u015bwietleniow\u0105, &#8211; Instalacje steruj\u0105ce prac\u0105 element\u00f3w instalacji wentylacyjnych i klimatyzacyjnych &#8211; Instalacji sterowania o\u015bwietleniem (system DALI) &#8211; Instalacji odczyt\u00f3w medi\u00f3w &#8211; Archiwizacja parametr\u00f3w budynku &#8211; Optymalizacja zu\u017cycia medi\u00f3w &#8211; Integracja i wizualizacja element\u00f3w budynkowych<\/p>\n<p> <a class=\"continue-reading-link\" href=\"https:\/\/www.neuberg.pl\/index.php\/instalacje-bms\/\"><span>Continue reading<\/span><i class=\"crycon-right-dir\"><\/i><\/a> <\/p>\n","protected":false},"author":3,"featured_media":0,"parent":0,"menu_order":0,"comment_status":"closed","ping_status":"closed","template":"","meta":[],"_links":{"self":[{"href":"https:\/\/www.neuberg.pl\/index.php\/wp-json\/wp\/v2\/pages\/74"}],"collection":[{"href":"https:\/\/www.neuberg.pl\/index.php\/wp-json\/wp\/v2\/pages"}],"about":[{"href":"https:\/\/www.neuberg.pl\/index.php\/wp-json\/wp\/v2\/types\/page"}],"author":[{"embeddable":true,"href":"https:\/\/www.neuberg.pl\/index.php\/wp-json\/wp\/v2\/users\/3"}],"replies":[{"embeddable":true,"href":"https:\/\/www.neuberg.pl\/index.php\/wp-json\/wp\/v2\/comments?post=74"}],"version-history":[{"count":19,"href":"https:\/\/www.neuberg.pl\/index.php\/wp-json\/wp\/v2\/pages\/74\/revisions"}],"predecessor-version":[{"id":282,"href":"https:\/\/www.neuberg.pl\/index.php\/wp-json\/wp\/v2\/pages\/74\/revisions\/282"}],"wp:attachment":[{"href":"https:\/\/www.neuberg.pl\/index.php\/wp-json\/wp\/v2\/media?parent=74"}],"curies":[{"name":"wp","href":"https:\/\/api.w.org\/{rel}","templated":true}]}}