{"id":69,"date":"2015-08-29T14:29:39","date_gmt":"2015-08-29T14:29:39","guid":{"rendered":"http:\/\/el.neuberg.pl\/?page_id=69"},"modified":"2015-10-09T07:14:17","modified_gmt":"2015-10-09T07:14:17","slug":"instalacje-elektryczne","status":"publish","type":"page","link":"https:\/\/www.neuberg.pl\/index.php\/instalacje-elektryczne\/","title":{"rendered":"Instalacje elektryczne"},"content":{"rendered":"<p><img loading=\"lazy\" class=\"wp-image-146 alignleft\" src=\"http:\/\/www.neuberg.pl\/wp-content\/uploads\/2015\/09\/foto_08-300x225.jpg\" alt=\"foto_08\" width=\"400\" height=\"300\" srcset=\"https:\/\/www.neuberg.pl\/wp-content\/uploads\/2015\/09\/foto_08-300x225.jpg 300w, https:\/\/www.neuberg.pl\/wp-content\/uploads\/2015\/09\/foto_08-200x150.jpg 200w, https:\/\/www.neuberg.pl\/wp-content\/uploads\/2015\/09\/foto_08-150x112.jpg 150w, https:\/\/www.neuberg.pl\/wp-content\/uploads\/2015\/09\/foto_08.jpg 650w\" sizes=\"(max-width: 400px) 100vw, 400px\" \/>&#8211; Instalacje o\u015bwietlenia podstawowego, awaryjnego, ewakuacyjnego i bezpiecze\u0144stwa<br \/>\n&#8211; Instalacji\u00a0si\u0142y i gniazd wtykowych<br \/>\n&#8211; Instalacje odgromowe, uziemiaj\u0105ce i przeciwprzepi\u0119ciowe<br \/>\n&#8211; Rozdzilnice niskiego napi\u0119cia<br \/>\n&#8211; Monitoring sieci energetycznych-wsp\u00f3\u0142praca z systemami BMS<br \/>\n&#8211; Trasy kablowe, estakady technologiczne<br \/>\n&#8211; O\u015bwietlenie terenu<br \/>\n&#8211; Stacje transformatorowe<br \/>\n&#8211; Sieci niskiego i \u015bredniego napi\u0119cia (przy\u0142\u0105cza niskiego i \u015bredniego napi\u0119cia)<\/p>\n","protected":false},"excerpt":{"rendered":"<p>&#8211; Instalacje o\u015bwietlenia podstawowego, awaryjnego, ewakuacyjnego i bezpiecze\u0144stwa &#8211; Instalacji\u00a0si\u0142y i gniazd wtykowych &#8211; Instalacje odgromowe, uziemiaj\u0105ce i przeciwprzepi\u0119ciowe &#8211; Rozdzilnice niskiego napi\u0119cia &#8211; Monitoring sieci energetycznych-wsp\u00f3\u0142praca z systemami BMS &#8211; Trasy kablowe, estakady technologiczne &#8211; O\u015bwietlenie terenu &#8211; Stacje transformatorowe &#8211; Sieci niskiego i \u015bredniego napi\u0119cia (przy\u0142\u0105cza niskiego i\u2026<\/p>\n<p> <a class=\"continue-reading-link\" href=\"https:\/\/www.neuberg.pl\/index.php\/instalacje-elektryczne\/\"><span>Continue reading<\/span><i class=\"crycon-right-dir\"><\/i><\/a> <\/p>\n","protected":false},"author":3,"featured_media":0,"parent":0,"menu_order":0,"comment_status":"closed","ping_status":"closed","template":"","meta":[],"_links":{"self":[{"href":"https:\/\/www.neuberg.pl\/index.php\/wp-json\/wp\/v2\/pages\/69"}],"collection":[{"href":"https:\/\/www.neuberg.pl\/index.php\/wp-json\/wp\/v2\/pages"}],"about":[{"href":"https:\/\/www.neuberg.pl\/index.php\/wp-json\/wp\/v2\/types\/page"}],"author":[{"embeddable":true,"href":"https:\/\/www.neuberg.pl\/index.php\/wp-json\/wp\/v2\/users\/3"}],"replies":[{"embeddable":true,"href":"https:\/\/www.neuberg.pl\/index.php\/wp-json\/wp\/v2\/comments?post=69"}],"version-history":[{"count":16,"href":"https:\/\/www.neuberg.pl\/index.php\/wp-json\/wp\/v2\/pages\/69\/revisions"}],"predecessor-version":[{"id":283,"href":"https:\/\/www.neuberg.pl\/index.php\/wp-json\/wp\/v2\/pages\/69\/revisions\/283"}],"wp:attachment":[{"href":"https:\/\/www.neuberg.pl\/index.php\/wp-json\/wp\/v2\/media?parent=69"}],"curies":[{"name":"wp","href":"https:\/\/api.w.org\/{rel}","templated":true}]}}