{"id":67,"date":"2015-08-29T14:29:24","date_gmt":"2015-08-29T14:29:24","guid":{"rendered":"http:\/\/el.neuberg.pl\/?page_id=67"},"modified":"2015-10-09T07:15:42","modified_gmt":"2015-10-09T07:15:42","slug":"oferta","status":"publish","type":"page","link":"https:\/\/www.neuberg.pl\/index.php\/oferta\/","title":{"rendered":"Oferta"},"content":{"rendered":"<p><img loading=\"lazy\" class=\" wp-image-151 alignright\" src=\"http:\/\/www.neuberg.pl\/wp-content\/uploads\/2015\/09\/foto_13-300x199.jpg\" alt=\"foto_13\" width=\"400\" height=\"265\" srcset=\"https:\/\/www.neuberg.pl\/wp-content\/uploads\/2015\/09\/foto_13-300x199.jpg 300w, https:\/\/www.neuberg.pl\/wp-content\/uploads\/2015\/09\/foto_13-226x150.jpg 226w, https:\/\/www.neuberg.pl\/wp-content\/uploads\/2015\/09\/foto_13-150x99.jpg 150w, https:\/\/www.neuberg.pl\/wp-content\/uploads\/2015\/09\/foto_13.jpg 650w\" sizes=\"(max-width: 400px) 100vw, 400px\" \/><\/p>\n<p>Pragniemy zaproponowa\u0107 Pa\u0144stwu wsp\u00f3\u0142prac\u0119 w zakresie projektowania, nadzoru<br \/>\ni wykonawstwa instalacji energetycznych, postrzeganych w kategorii no\u015bnik\u00f3w<br \/>\nenergii elektrycznej, cieplnej, gazowej i s\u0142onecznej wraz<br \/>\nz ich wzajemnym powi\u0105zaniem.<\/p>\n<p>Nasza oferta dotyczy obiekt\u00f3w nowobudowanych jak i modernizowanych,<br \/>\nmuzealnych, sakralnych.<\/p>\n<p><strong>Nasza oferta obejmuje:<\/strong><br \/>\n<em>Instalacje elektryczne<\/em><br \/>\n&#8211; Instalacje o\u015bwietlenia, si\u0142y i gniazd wtykowych &#8211; budownictwo mieszkaniowe, przemys\u0142owe<br \/>\n&#8211; Instalacje odgromowe, uziemiaj\u0105ce i przeciwprzepi\u0119ciowe<br \/>\n&#8211; Monitoring sieci energetycznych-wsp\u00f3\u0142praca z systemami BMS<br \/>\n&#8211; O\u015bwietlenie terenu, hal przemys\u0142owych<br \/>\n&#8211; Instalacje i sieci niskiego i \u015bredniego napi\u0119cia (stacje, przy\u0142\u0105cza)<br \/>\n<em>Instalacje niskopr\u0105dowe<\/em><br \/>\n&#8211; Instalacje alarmowe i kontroli dost\u0119pu<br \/>\n&#8211; Instalacje sygnalizacji przeciwpo\u017carowego<br \/>\n&#8211; Instalacje strukturalne<br \/>\n&#8211; Instalacje telewizji przemys\u0142owej<br \/>\n<em>Instalacje BMS<\/em><br \/>\n&#8211; Instalacje steruj\u0105ce instalacj\u0105 o\u015bwietleniow\u0105<br \/>\n&#8211; Instalacje steruj\u0105ce prac\u0105 element\u00f3w instalacji wentylacyjnych i klimatyzacyjnych<br \/>\n&#8211; Instalacji odczyt\u00f3w medi\u00f3w<br \/>\n&#8211; Integracja i wizualizacja element\u00f3w budynkowych<br \/>\n<em>Instalacje fotowoltaiczne<\/em><br \/>\n<em> Instalacje ciep\u0142ownicze<\/em><\/p>\n<p>Wykonujemy projekty przetargowe, budowlane i wykonawcze, w oparciu o standardy<br \/>\nzar\u00f3wno dla obiekt\u00f3w kubaturowych jak i liniowych.<br \/>\nWykonujemy pe\u0142n\u0105 analiz\u0119 koszt\u00f3w realizacji i eksploatacji.<br \/>\nNadzory i audyty &#8211; nadz\u00f3r autorski, nadz\u00f3r inwestorski, audyt elektryczny i audyt energetyczny.<\/p>\n","protected":false},"excerpt":{"rendered":"<p>Pragniemy zaproponowa\u0107 Pa\u0144stwu wsp\u00f3\u0142prac\u0119 w zakresie projektowania, nadzoru i wykonawstwa instalacji energetycznych, postrzeganych w kategorii no\u015bnik\u00f3w energii elektrycznej, cieplnej, gazowej i s\u0142onecznej wraz z ich wzajemnym powi\u0105zaniem. Nasza oferta dotyczy obiekt\u00f3w nowobudowanych jak i modernizowanych, muzealnych, sakralnych. Nasza oferta obejmuje: Instalacje elektryczne &#8211; Instalacje o\u015bwietlenia, si\u0142y i gniazd wtykowych &#8211;\u2026<\/p>\n<p> <a class=\"continue-reading-link\" href=\"https:\/\/www.neuberg.pl\/index.php\/oferta\/\"><span>Continue reading<\/span><i class=\"crycon-right-dir\"><\/i><\/a> <\/p>\n","protected":false},"author":3,"featured_media":0,"parent":0,"menu_order":0,"comment_status":"closed","ping_status":"closed","template":"","meta":[],"_links":{"self":[{"href":"https:\/\/www.neuberg.pl\/index.php\/wp-json\/wp\/v2\/pages\/67"}],"collection":[{"href":"https:\/\/www.neuberg.pl\/index.php\/wp-json\/wp\/v2\/pages"}],"about":[{"href":"https:\/\/www.neuberg.pl\/index.php\/wp-json\/wp\/v2\/types\/page"}],"author":[{"embeddable":true,"href":"https:\/\/www.neuberg.pl\/index.php\/wp-json\/wp\/v2\/users\/3"}],"replies":[{"embeddable":true,"href":"https:\/\/www.neuberg.pl\/index.php\/wp-json\/wp\/v2\/comments?post=67"}],"version-history":[{"count":17,"href":"https:\/\/www.neuberg.pl\/index.php\/wp-json\/wp\/v2\/pages\/67\/revisions"}],"predecessor-version":[{"id":286,"href":"https:\/\/www.neuberg.pl\/index.php\/wp-json\/wp\/v2\/pages\/67\/revisions\/286"}],"wp:attachment":[{"href":"https:\/\/www.neuberg.pl\/index.php\/wp-json\/wp\/v2\/media?parent=67"}],"curies":[{"name":"wp","href":"https:\/\/api.w.org\/{rel}","templated":true}]}}